{"id":2967,"date":"2023-03-06T17:40:09","date_gmt":"2023-03-06T17:40:09","guid":{"rendered":"https:\/\/quintologistics.com\/?page_id=2967"},"modified":"2023-03-08T15:04:56","modified_gmt":"2023-03-08T15:04:56","slug":"privatuma-politika","status":"publish","type":"page","link":"https:\/\/quintologistics.com\/lv\/privatuma-politika\/","title":{"rendered":"Priv\u0101tuma politika"},"content":{"rendered":"\t\t<div data-elementor-type=\"wp-page\" data-elementor-id=\"2967\" class=\"elementor elementor-2967 elementor-2243\" data-elementor-settings=\"[]\">\n\t\t\t\t\t\t\t<div class=\"elementor-section-wrap\">\n\t\t\t\t\t\t\t<section class=\"elementor-section elementor-top-section elementor-element elementor-element-f6a572f elementor-section-full_width elementor-section-content-top elementor-section-stretched elementor-section-height-default elementor-section-height-default parallax_section_no qode_elementor_container_no\" data-id=\"f6a572f\" data-element_type=\"section\" data-settings=\"{&quot;stretch_section&quot;:&quot;section-stretched&quot;,&quot;background_background&quot;:&quot;classic&quot;}\">\n\t\t\t\t\t\t<div class=\"elementor-container elementor-column-gap-no\">\n\t\t\t\t\t<div class=\"elementor-column elementor-col-100 elementor-top-column elementor-element elementor-element-b90b929\" data-id=\"b90b929\" data-element_type=\"column\" data-settings=\"{&quot;background_background&quot;:&quot;classic&quot;}\">\n\t\t\t<div class=\"elementor-widget-wrap elementor-element-populated\">\n\t\t\t\t\t\t\t\t<div class=\"elementor-element elementor-element-18917e2 elementor-widget elementor-widget-text-editor\" data-id=\"18917e2\" data-element_type=\"widget\" data-widget_type=\"text-editor.default\">\n\t\t\t\t<div class=\"elementor-widget-container\">\n\t\t\t\t\t\t\t\t<p><span class=\"TextRun SCXW189171977 BCX0\" lang=\"LV-LV\" xml:lang=\"LV-LV\" data-contrast=\"none\"><span class=\"NormalTextRun SCXW189171977 BCX0\">Laipni l\u016bdzam m\u016bsu t\u012bmek\u013ca vietn\u0113s. Lai nodro\u0161in\u0101tu, ka j\u016btaties dro\u0161i, v\u0113lamies J\u016bs inform\u0113t, k\u0101 r\u012bkojamies ar J\u016bsu datiem.<\/span><\/span><span class=\"EOP SCXW189171977 BCX0\" data-ccp-props=\"{&quot;201341983&quot;:0,&quot;335551550&quot;:6,&quot;335551620&quot;:6,&quot;335559739&quot;:312,&quot;335559740&quot;:240}\">\u00a0<\/span><\/p>\t\t\t\t\t\t<\/div>\n\t\t\t\t<\/div>\n\t\t\t\t<div class=\"elementor-element elementor-element-26bb84d elementor-widget elementor-widget-text-editor\" data-id=\"26bb84d\" data-element_type=\"widget\" data-widget_type=\"text-editor.default\">\n\t\t\t\t<div class=\"elementor-widget-container\">\n\t\t\t\t\t\t\t\t<strong>1. Datu iev\u0101k\u0161ana un izmanto\u0161ana<\/strong>\t\t\t\t\t\t<\/div>\n\t\t\t\t<\/div>\n\t\t\t\t<div class=\"elementor-element elementor-element-390f494 elementor-widget elementor-widget-text-editor\" data-id=\"390f494\" data-element_type=\"widget\" data-widget_type=\"text-editor.default\">\n\t\t\t\t<div class=\"elementor-widget-container\">\n\t\t\t\t\t\t\t\t<p><span data-contrast=\"none\">Ja l\u016bgsit, lai sniedzam pakalpojumu vai nos\u016btam preces, J\u016bsu personas dati tiks izmantoti bez J\u016bsu skaidri izteiktas akcept\u0113\u0161anas. Dati tiks izmantoti t\u0101d\u0101 apm\u0113r\u0101, kas nepiecie\u0161ams pakalpojuma snieg\u0161anai vai pas\u016bt\u012bjuma apstr\u0101dei. Tas ietver, sevi\u0161\u0137i, J\u016bsu datu nos\u016bt\u012b\u0161anu transporta uz\u0146\u0113mumiem un maks\u0101jumu pakalpojumu sniedz\u0113jiem.<\/span><span data-ccp-props=\"{&quot;201341983&quot;:0,&quot;335551550&quot;:6,&quot;335551620&quot;:6,&quot;335559739&quot;:312,&quot;335559740&quot;:240}\">\u00a0<\/span><\/p><p><span data-contrast=\"none\">Kad pas\u016bt\u012bjums veikts, J\u016bsu datu turpm\u0101ka izmanto\u0161ana tiks blo\u0137\u0113ta un p\u0113c oblig\u0101t\u0101 saglab\u0101\u0161anas perioda beig\u0101m dati tiks dz\u0113sti, ja vien neb\u016bsit at\u013c\u0101vis to turpm\u0101ku izmanto\u0161anu.<\/span><span data-ccp-props=\"{&quot;201341983&quot;:0,&quot;335551550&quot;:6,&quot;335551620&quot;:6,&quot;335559739&quot;:312,&quot;335559740&quot;:240}\">\u00a0<\/span><\/p>\t\t\t\t\t\t<\/div>\n\t\t\t\t<\/div>\n\t\t\t\t<div class=\"elementor-element elementor-element-cfca9d0 elementor-widget elementor-widget-text-editor\" data-id=\"cfca9d0\" data-element_type=\"widget\" data-widget_type=\"text-editor.default\">\n\t\t\t\t<div class=\"elementor-widget-container\">\n\t\t\t\t\t\t\t\t<strong>2. Piek\u013cuve Quintologistics t\u012bmek\u013ca vietnei. <\/strong>\t\t\t\t\t\t<\/div>\n\t\t\t\t<\/div>\n\t\t\t\t<div class=\"elementor-element elementor-element-a99bc43 elementor-widget elementor-widget-text-editor\" data-id=\"a99bc43\" data-element_type=\"widget\" data-widget_type=\"text-editor.default\">\n\t\t\t\t<div class=\"elementor-widget-container\">\n\t\t\t\t\t\t\t\t<p><span data-contrast=\"none\">Piek\u013c\u016bstot <strong><em>Quintologistics<\/em><\/strong><\/span>\u00a0<span data-contrast=\"none\">t\u012bmek\u013ca vietnei, J\u016bsu p\u0101rl\u016bkprogramma autom\u0101tiski uzglab\u0101s datus tehnisku iemeslu d\u0113\u013c. Turpm\u0101k min\u0113tos datus <strong><em>Quintologistics<\/em><\/strong><\/span>\u00a0<span data-contrast=\"none\">uzglab\u0101s atsevi\u0161\u0137i no citiem datiem, ko b\u016bsit nodevis\/usi <strong><em>Quintologistics<\/em><\/strong><\/span><span data-contrast=\"none\">:<\/span><span data-ccp-props=\"{\">\u00a0<\/span><\/p><ul><li data-leveltext=\"\uf0b7\" data-font=\"Symbol\" data-listid=\"1\" data-list-defn-props=\"{\" aria-setsize=\"-1\" data-aria-posinset=\"1\" data-aria-level=\"1\"><span data-contrast=\"none\">Piek\u013cuves datums un laiks<\/span><span data-ccp-props=\"{\">\u00a0<\/span><\/li><li data-leveltext=\"\uf0b7\" data-font=\"Symbol\" data-listid=\"1\" data-list-defn-props=\"{\" aria-setsize=\"-1\" data-aria-posinset=\"2\" data-aria-level=\"1\"><span data-contrast=\"none\">P\u0101rl\u016bkprogrammas veids\/versija<\/span><span data-ccp-props=\"{\">\u00a0<\/span><\/li><li data-leveltext=\"\uf0b7\" data-font=\"Symbol\" data-listid=\"1\" data-list-defn-props=\"{\" aria-setsize=\"-1\" data-aria-posinset=\"3\" data-aria-level=\"1\"><span data-contrast=\"none\">Izmantot\u0101 oper\u0113t\u0101jsist\u0113ma<\/span><span data-ccp-props=\"{\">\u00a0<\/span><\/li><li data-leveltext=\"\uf0b7\" data-font=\"Symbol\" data-listid=\"1\" data-list-defn-props=\"{\" aria-setsize=\"-1\" data-aria-posinset=\"4\" data-aria-level=\"1\"><span data-contrast=\"none\">Iepriek\u0161 apmekl\u0113t\u0101s t\u012bmek\u013ca vietnes URL<\/span><span data-ccp-props=\"{\">\u00a0<\/span><\/li><\/ul><ul><li data-leveltext=\"\uf0b7\" data-font=\"Symbol\" data-listid=\"1\" data-list-defn-props=\"{\" aria-setsize=\"-1\" data-aria-posinset=\"1\" data-aria-level=\"1\"><span data-contrast=\"none\">IP adrese bez p\u0113d\u0113jiem trim cipariem<\/span><span data-ccp-props=\"{\">\u00a0<\/span><\/li><\/ul><p><span data-contrast=\"none\">\u0160ie datu tiks saglab\u0101ti vien\u012bgi tehnisku iemeslu d\u0113\u013c un nekad netiks attiecin\u0101ti uz konkr\u0113tu personu.<\/span><span data-ccp-props=\"{\">\u00a0<\/span><\/p>\t\t\t\t\t\t<\/div>\n\t\t\t\t<\/div>\n\t\t\t\t<div class=\"elementor-element elementor-element-6bcb571 elementor-widget elementor-widget-text-editor\" data-id=\"6bcb571\" data-element_type=\"widget\" data-widget_type=\"text-editor.default\">\n\t\t\t\t<div class=\"elementor-widget-container\">\n\t\t\t\t\t\t\t\t<strong>3. Google Analytics <\/strong>\t\t\t\t\t\t<\/div>\n\t\t\t\t<\/div>\n\t\t\t\t<div class=\"elementor-element elementor-element-57f4a3f elementor-widget elementor-widget-text-editor\" data-id=\"57f4a3f\" data-element_type=\"widget\" data-widget_type=\"text-editor.default\">\n\t\t\t\t<div class=\"elementor-widget-container\">\n\t\t\t\t\t\t\t\t<p><span data-contrast=\"none\">\u0160\u012b t\u012bmek\u013ca vietne izmanto\u202f<\/span><i><span data-contrast=\"none\">Google Analytics<\/span><\/i><span data-contrast=\"none\">, t\u012bmek\u013ca anal\u012bzes pakalpojumu.\u202f<\/span><i><span data-contrast=\"none\">Google Analytics<\/span><\/i><span data-contrast=\"none\">\u202fizmanto \u201es\u012bkdatnes\u201d \u2013 teksta failus, kas saglab\u0101ti J\u016bsu dator\u0101 un \u013cauj analiz\u0113t, k\u0101 izmantojat t\u012bmek\u013ca vietni. S\u012bkdatnes \u0123ener\u0113t\u0101 inform\u0101cija par to, k\u0101 izmantojat \u0161o t\u012bmek\u013ca vietni, parasti tiek nodota\u202f<\/span><i><span data-contrast=\"none\">Google<\/span><\/i><span data-contrast=\"none\">\u202fserverim ASV un tur uzglab\u0101ta.<\/span><span data-ccp-props=\"{&quot;201341983&quot;:0,&quot;335551550&quot;:6,&quot;335551620&quot;:6,&quot;335559739&quot;:312,&quot;335559740&quot;:240}\">\u00a0<\/span><\/p><p>\u00a0<\/p><p><span data-contrast=\"none\">Tom\u0113r, ja \u0161aj\u0101 t\u012bmek\u013ca vietn\u0113 aktiv\u0113ta IP anonimiz\u0101cijas opcija, J\u016bsu IP adresi vispirms sa\u012bsin\u0101s\u202f<\/span><i><span data-contrast=\"none\">Google\u202f<\/span><\/i><span data-contrast=\"none\">Eiropas Savien\u012bbas dal\u012bbvalst\u012bs vai cit\u0101s Eiropas Ekonomisk\u0101s zonas \u202fdal\u012bbvalst\u012bs. Tikai iz\u0146\u0113muma gad\u012bjumos pilna IP adrese tiek nodota\u202f<\/span><i><span data-contrast=\"none\">Google<\/span><\/i><span data-contrast=\"none\">\u202fserverim ASV un tur sa\u012bsin\u0101ta. P\u0113c \u0161\u012bs t\u012bmek\u013ca vietnes operatora piepras\u012bjuma,\u202f<\/span><i><span data-contrast=\"none\">Google<\/span><\/i><span data-contrast=\"none\">\u202fizmantos \u0161o inform\u0101ciju, lai izv\u0113rt\u0113tu, k\u0101 izmantojat t\u012bmek\u013ca vietni, lai sagatavotu zi\u0146ojumus par t\u012bmek\u013ca vietnes aktivit\u0101t\u0113m un lai sniegtu citus pakalpojumus t\u012bmek\u013ca vietnes operatoram saist\u012bb\u0101 ar t\u012bmek\u013ca vietnes un interneta izmanto\u0161anu. IP adrese, ko J\u016bsu p\u0101rl\u016bkprogramma nodevusi\u202f<\/span><i><span data-contrast=\"none\">Google Analytics<\/span><\/i><span data-contrast=\"none\">, netiek sapludin\u0101ta ar citiem\u202f<\/span><i><span data-contrast=\"none\">Google<\/span><\/i><span data-contrast=\"none\">\u202fdatiem.<\/span><span data-ccp-props=\"{&quot;201341983&quot;:0,&quot;335551550&quot;:6,&quot;335551620&quot;:6,&quot;335559739&quot;:312,&quot;335559740&quot;:240}\">\u00a0<\/span><\/p>\t\t\t\t\t\t<\/div>\n\t\t\t\t<\/div>\n\t\t\t\t<div class=\"elementor-element elementor-element-850eb24 elementor-widget elementor-widget-text-editor\" data-id=\"850eb24\" data-element_type=\"widget\" data-widget_type=\"text-editor.default\">\n\t\t\t\t<div class=\"elementor-widget-container\">\n\t\t\t\t\t\t\t\t<strong>4. Kontaktforma<\/strong>\t\t\t\t\t\t<\/div>\n\t\t\t\t<\/div>\n\t\t\t\t<div class=\"elementor-element elementor-element-497c4e6 elementor-widget elementor-widget-text-editor\" data-id=\"497c4e6\" data-element_type=\"widget\" data-widget_type=\"text-editor.default\">\n\t\t\t\t<div class=\"elementor-widget-container\">\n\t\t\t\t\t\t\t\t<p><span class=\"TextRun SCXW125986516 BCX0\" lang=\"LV-LV\" xml:lang=\"LV-LV\" data-contrast=\"none\"><span class=\"NormalTextRun SCXW125986516 BCX0\">Jums ir iesp\u0113ja sazin\u0101ties ar mums, uzdodot jaut\u0101jumus, izmantojot <\/span><span class=\"NormalTextRun SpellingErrorV2Themed SCXW125986516 BCX0\">kontaktformu<\/span><span class=\"NormalTextRun SCXW125986516 BCX0\">. Dati tiek iesniegti tikai labpr\u0101t\u012bgi. Ar ievad\u012btajiem personas datiem r\u012bkojas konfidenci\u0101li un tie tiek izmantoti vien\u012bgi paredz\u0113tajam m\u0113r\u0137im saska\u0146\u0101 ar attiec\u012bgiem sp\u0113k\u0101 eso\u0161iem datu aizsardz\u012bbas noteikumiem. Dati netiek nos\u016bt\u012bti tre\u0161aj\u0101m person\u0101m \u0101rpus m\u016bsu uz\u0146\u0113muma.<\/span><\/span><span class=\"EOP SCXW125986516 BCX0\" data-ccp-props=\"{&quot;201341983&quot;:0,&quot;335551550&quot;:6,&quot;335551620&quot;:6,&quot;335559739&quot;:312,&quot;335559740&quot;:240}\">\u00a0<\/span><\/p>\t\t\t\t\t\t<\/div>\n\t\t\t\t<\/div>\n\t\t\t\t<div class=\"elementor-element elementor-element-40d8d36 elementor-widget elementor-widget-text-editor\" data-id=\"40d8d36\" data-element_type=\"widget\" data-widget_type=\"text-editor.default\">\n\t\t\t\t<div class=\"elementor-widget-container\">\n\t\t\t\t\t\t\t\t<strong>5. J\u016bsu, k\u0101 lietot\u0101ja, ties\u012bbas<\/strong>\t\t\t\t\t\t<\/div>\n\t\t\t\t<\/div>\n\t\t\t\t<div class=\"elementor-element elementor-element-41d4e3d elementor-widget elementor-widget-text-editor\" data-id=\"41d4e3d\" data-element_type=\"widget\" data-widget_type=\"text-editor.default\">\n\t\t\t\t<div class=\"elementor-widget-container\">\n\t\t\t\t\t\t\t\t<p><span class=\"TextRun SCXW176394809 BCX0\" lang=\"LV-LV\" xml:lang=\"LV-LV\" data-contrast=\"none\"><span class=\"NormalTextRun SCXW176394809 BCX0\">Protams, Jums ir ties\u012bbas sa\u0146emt inform\u0101ciju par datiem, kas attiecas uz Jums k\u0101 indiv\u012bdu un kurus uzglab\u0101 <strong><em>Quintologistics<\/em><\/strong><\/span><\/span><span class=\"TextRun SCXW176394809 BCX0\" lang=\"LV-LV\" xml:lang=\"LV-LV\" data-contrast=\"none\"><span class=\"NormalTextRun SCXW176394809 BCX0\">. Jums ir ar\u012b ties\u012bbas labot nepareizos datus vai blo\u0137\u0113t un dz\u0113st datus. Lai to izdar\u012btu, sazinieties ar <strong><em><a href=\"mailto:info@quintologistics.com\">info@quintologistics.com<\/a><\/em><\/strong><\/span><\/span><span class=\"TextRun SCXW176394809 BCX0\" lang=\"LV-LV\" xml:lang=\"LV-LV\" data-contrast=\"none\"><span class=\"NormalTextRun SCXW176394809 BCX0\">.<\/span><\/span><span class=\"EOP SCXW176394809 BCX0\" data-ccp-props=\"{\">\u00a0<\/span><\/p>\t\t\t\t\t\t<\/div>\n\t\t\t\t<\/div>\n\t\t\t\t<div class=\"elementor-element elementor-element-0d7e6a2 elementor-widget-mobile__width-initial elementor-absolute elementor-widget elementor-widget-wpml-language-switcher\" data-id=\"0d7e6a2\" data-element_type=\"widget\" data-settings=\"{&quot;_position&quot;:&quot;absolute&quot;}\" data-widget_type=\"wpml-language-switcher.default\">\n\t\t\t\t<div class=\"elementor-widget-container\">\n\t\t\t<div class=\"wpml-elementor-ls\">\n<div class=\"wpml-ls-statics-shortcode_actions wpml-ls wpml-ls-legacy-dropdown-click js-wpml-ls-legacy-dropdown-click\">\n\t<ul>\n\n\t\t<li class=\"wpml-ls-slot-shortcode_actions wpml-ls-item wpml-ls-item-lv wpml-ls-current-language wpml-ls-last-item wpml-ls-item-legacy-dropdown-click\">\n\n\t\t\t<a href=\"#\" class=\"js-wpml-ls-item-toggle wpml-ls-item-toggle\">\n                                                    <img decoding=\"async\"\n            class=\"wpml-ls-flag\"\n            src=\"https:\/\/quintologistics.com\/wp-content\/plugins\/sitepress-multilingual-cms\/res\/flags\/lv.png\"\n            alt=\"\"\n            width=30\n            height=20\n    \/><span class=\"wpml-ls-native\">LV<\/span><\/a>\n\n\t\t\t<ul class=\"js-wpml-ls-sub-menu wpml-ls-sub-menu\">\n\t\t\t\t\n\t\t\t\t\t<li class=\"wpml-ls-slot-shortcode_actions wpml-ls-item wpml-ls-item-en wpml-ls-first-item\">\n\t\t\t\t\t\t<a href=\"https:\/\/quintologistics.com\" class=\"wpml-ls-link\">\n                                                                <img decoding=\"async\"\n            class=\"wpml-ls-flag\"\n            src=\"https:\/\/quintologistics.com\/wp-content\/plugins\/sitepress-multilingual-cms\/res\/flags\/en.png\"\n            alt=\"\"\n            width=30\n            height=20\n    \/><span class=\"wpml-ls-native\" lang=\"en\">EN<\/span><\/a>\n\t\t\t\t\t<\/li>\n\n\t\t\t\t\t\t\t<\/ul>\n\n\t\t<\/li>\n\n\t<\/ul>\n<\/div>\n<\/div>\t\t<\/div>\n\t\t\t\t<\/div>\n\t\t\t\t\t<\/div>\n\t\t<\/div>\n\t\t\t\t\t\t\t<\/div>\n\t\t<\/section>\n\t\t\t\t\t\t<\/div>\n\t\t\t\t\t<\/div>\n\t\t","protected":false},"excerpt":{"rendered":"<p>Laipni l\u016bdzam m\u016bsu t\u012bmek\u013ca vietn\u0113s. Lai nodro\u0161in\u0101tu, ka j\u016btaties dro\u0161i, v\u0113lamies J\u016bs inform\u0113t, k\u0101 r\u012bkojamies ar J\u016bsu datiem.\u00a0 1. Datu iev\u0101k\u0161ana un izmanto\u0161ana Ja l\u016bgsit, lai sniedzam pakalpojumu vai nos\u016btam preces, J\u016bsu personas dati tiks izmantoti bez J\u016bsu skaidri izteiktas akcept\u0113\u0161anas. Dati tiks izmantoti t\u0101d\u0101&#8230;<\/p>\n","protected":false},"author":7,"featured_media":0,"parent":0,"menu_order":0,"comment_status":"closed","ping_status":"closed","template":"elementor_header_footer","meta":{"footnotes":""},"class_list":["post-2967","page","type-page","status-publish","hentry"],"_links":{"self":[{"href":"https:\/\/quintologistics.com\/lv\/wp-json\/wp\/v2\/pages\/2967","targetHints":{"allow":["GET"]}}],"collection":[{"href":"https:\/\/quintologistics.com\/lv\/wp-json\/wp\/v2\/pages"}],"about":[{"href":"https:\/\/quintologistics.com\/lv\/wp-json\/wp\/v2\/types\/page"}],"author":[{"embeddable":true,"href":"https:\/\/quintologistics.com\/lv\/wp-json\/wp\/v2\/users\/7"}],"replies":[{"embeddable":true,"href":"https:\/\/quintologistics.com\/lv\/wp-json\/wp\/v2\/comments?post=2967"}],"version-history":[{"count":8,"href":"https:\/\/quintologistics.com\/lv\/wp-json\/wp\/v2\/pages\/2967\/revisions"}],"predecessor-version":[{"id":3145,"href":"https:\/\/quintologistics.com\/lv\/wp-json\/wp\/v2\/pages\/2967\/revisions\/3145"}],"wp:attachment":[{"href":"https:\/\/quintologistics.com\/lv\/wp-json\/wp\/v2\/media?parent=2967"}],"curies":[{"name":"wp","href":"https:\/\/api.w.org\/{rel}","templated":true}]}}