{"id":788,"date":"2019-09-18T10:13:24","date_gmt":"2019-09-18T10:13:24","guid":{"rendered":"https:\/\/quintologistics.com\/?page_id=788"},"modified":"2023-03-13T12:52:24","modified_gmt":"2023-03-13T12:52:24","slug":"galvena","status":"publish","type":"page","link":"https:\/\/quintologistics.com\/lv\/","title":{"rendered":"Galven\u0101"},"content":{"rendered":"\t\t<div data-elementor-type=\"wp-page\" data-elementor-id=\"788\" class=\"elementor elementor-788 elementor-6\" data-elementor-settings=\"[]\">\n\t\t\t\t\t\t\t<div class=\"elementor-section-wrap\">\n\t\t\t\t\t\t\t<section class=\"elementor-section elementor-top-section elementor-element elementor-element-70f38df elementor-section-stretched elementor-section-boxed elementor-section-height-default elementor-section-height-default parallax_section_no qode_elementor_container_no\" data-id=\"70f38df\" data-element_type=\"section\" data-settings=\"{&quot;stretch_section&quot;:&quot;section-stretched&quot;,&quot;background_background&quot;:&quot;classic&quot;}\">\n\t\t\t\t\t\t<div class=\"elementor-container elementor-column-gap-default\">\n\t\t\t\t\t<div class=\"elementor-column elementor-col-100 elementor-top-column elementor-element elementor-element-9909ed1\" data-id=\"9909ed1\" data-element_type=\"column\">\n\t\t\t<div class=\"elementor-widget-wrap elementor-element-populated\">\n\t\t\t\t\t\t\t\t<div class=\"elementor-element elementor-element-a00ff09 elementor-widget-mobile__width-initial elementor-absolute elementor-widget elementor-widget-wpml-language-switcher\" data-id=\"a00ff09\" data-element_type=\"widget\" data-settings=\"{&quot;_position&quot;:&quot;absolute&quot;}\" data-widget_type=\"wpml-language-switcher.default\">\n\t\t\t\t<div class=\"elementor-widget-container\">\n\t\t\t<div class=\"wpml-elementor-ls\">\n<div class=\"wpml-ls-statics-shortcode_actions wpml-ls wpml-ls-legacy-dropdown-click js-wpml-ls-legacy-dropdown-click\">\n\t<ul>\n\n\t\t<li class=\"wpml-ls-slot-shortcode_actions wpml-ls-item wpml-ls-item-lv wpml-ls-current-language wpml-ls-last-item wpml-ls-item-legacy-dropdown-click\">\n\n\t\t\t<a href=\"#\" class=\"js-wpml-ls-item-toggle wpml-ls-item-toggle\">\n                                                    <img decoding=\"async\"\n            class=\"wpml-ls-flag\"\n            src=\"https:\/\/quintologistics.com\/wp-content\/plugins\/sitepress-multilingual-cms\/res\/flags\/lv.png\"\n            alt=\"\"\n            width=30\n            height=20\n    \/><span class=\"wpml-ls-native\">LV<\/span><\/a>\n\n\t\t\t<ul class=\"js-wpml-ls-sub-menu wpml-ls-sub-menu\">\n\t\t\t\t\n\t\t\t\t\t<li class=\"wpml-ls-slot-shortcode_actions wpml-ls-item wpml-ls-item-en wpml-ls-first-item\">\n\t\t\t\t\t\t<a href=\"https:\/\/quintologistics.com\" class=\"wpml-ls-link\">\n                                                                <img decoding=\"async\"\n            class=\"wpml-ls-flag\"\n            src=\"https:\/\/quintologistics.com\/wp-content\/plugins\/sitepress-multilingual-cms\/res\/flags\/en.png\"\n            alt=\"\"\n            width=30\n            height=20\n    \/><span class=\"wpml-ls-native\" lang=\"en\">EN<\/span><\/a>\n\t\t\t\t\t<\/li>\n\n\t\t\t\t\t\t\t<\/ul>\n\n\t\t<\/li>\n\n\t<\/ul>\n<\/div>\n<\/div>\t\t<\/div>\n\t\t\t\t<\/div>\n\t\t\t\t<div class=\"elementor-element elementor-element-679224b elementor-widget elementor-widget-text-editor\" data-id=\"679224b\" data-element_type=\"widget\" data-widget_type=\"text-editor.default\">\n\t\t\t\t<div class=\"elementor-widget-container\">\n\t\t\t\t\t\t\t\tRacion\u0101li lo\u0123istikas risin\u0101jumi, kas \u013cauj ietaup\u012bt j\u016bsu laiku.\t\t\t\t\t\t<\/div>\n\t\t\t\t<\/div>\n\t\t\t\t<div class=\"elementor-element elementor-element-d3d70c2 elementor-widget elementor-widget-text-editor\" data-id=\"d3d70c2\" data-element_type=\"widget\" data-widget_type=\"text-editor.default\">\n\t\t\t\t<div class=\"elementor-widget-container\">\n\t\t\t\t\t\t\t\tKravu pieg\u0101de jebkur\u0101 galam\u0113r\u0137\u012b\t\t\t\t\t\t<\/div>\n\t\t\t\t<\/div>\n\t\t\t\t<div class=\"elementor-element elementor-element-6a806db elementor-widget__width-auto elementor-widget elementor-widget-bridge_button_v2\" data-id=\"6a806db\" data-element_type=\"widget\" data-widget_type=\"bridge_button_v2.default\">\n\t\t\t\t<div class=\"elementor-widget-container\">\n\t\t\t\n\n\t<a href=\"https:\/\/quintologistics.com\/lv\/kontakti\/\" target=\"_self\" style=\"color: #FFFFFF;background-color: #003470;font-family: Raleway;font-size: 20px;font-weight: 700\" class=\"qode-btn qode-btn-medium qode-btn-solid qode-btn-custom-hover-bg qode-btn-custom-hover-color\" data-hover-bg-color=\"#3A9EBD\" data-hover-color=\"#FFFFFF\" >\n\t    <span class=\"qode-btn-text\">UZZIN\u0100T VAIR\u0100K<\/span>\t<\/a>\n\n\t\t<\/div>\n\t\t\t\t<\/div>\n\t\t\t\t\t<\/div>\n\t\t<\/div>\n\t\t\t\t\t\t\t<\/div>\n\t\t<\/section>\n\t\t\t\t<section class=\"elementor-section elementor-top-section elementor-element elementor-element-b7f6f59 elementor-section-full_width elementor-section-height-default elementor-section-height-default parallax_section_no qode_elementor_container_no\" data-id=\"b7f6f59\" data-element_type=\"section\">\n\t\t\t\t\t\t<div class=\"elementor-container elementor-column-gap-no\">\n\t\t\t\t\t<div class=\"elementor-column elementor-col-100 elementor-top-column elementor-element elementor-element-fe4f95a\" data-id=\"fe4f95a\" data-element_type=\"column\">\n\t\t\t<div class=\"elementor-widget-wrap elementor-element-populated\">\n\t\t\t\t\t\t\t\t<div class=\"elementor-element elementor-element-51e2fe3 elementor-widget elementor-widget-text-editor\" data-id=\"51e2fe3\" data-element_type=\"widget\" data-widget_type=\"text-editor.default\">\n\t\t\t\t<div class=\"elementor-widget-container\">\n\t\t\t\t\t\t\t\tM\u016aSU PAKALPOJUMI\t\t\t\t\t\t<\/div>\n\t\t\t\t<\/div>\n\t\t\t\t<div class=\"elementor-element elementor-element-aa44400 elementor-widget elementor-widget-text-editor\" data-id=\"aa44400\" data-element_type=\"widget\" data-widget_type=\"text-editor.default\">\n\t\t\t\t<div class=\"elementor-widget-container\">\n\t\t\t\t\t\t\t\tKvalitat\u012bvi risin\u0101jumi lo\u0123istikas un muitas jom\u0101, nodro\u0161inot kravas pieg\u0101di, transport\u0113\u0161anu un dokument\u0113\u0161anu. Pilna kl\u0101sta pakalpojumi augst\u0101kaj\u0101 kvalit\u0101t\u0113, cie\u0161\u0101 sadarb\u012bb\u0101 ar m\u016bsu \u0101rvalstu partneriem no Eiropas Savien\u012bbas, NVS valst\u012bm, k\u0101 ar\u012b Turcijas un \u0136\u012bnas.\n<br>\n<strong>M\u0113s taup\u0101m j\u016bsu laiku un naudu!<\/strong>\t\t\t\t\t\t<\/div>\n\t\t\t\t<\/div>\n\t\t\t\t<section class=\"elementor-section elementor-inner-section elementor-element elementor-element-8888586 elementor-section-full_width elementor-section-height-default elementor-section-height-default parallax_section_no qode_elementor_container_no\" data-id=\"8888586\" data-element_type=\"section\">\n\t\t\t\t\t\t<div class=\"elementor-container elementor-column-gap-default\">\n\t\t\t\t\t<div class=\"elementor-column elementor-col-33 elementor-inner-column elementor-element elementor-element-36ace3c\" data-id=\"36ace3c\" data-element_type=\"column\">\n\t\t\t<div class=\"elementor-widget-wrap elementor-element-populated\">\n\t\t\t\t\t\t\t\t<div class=\"elementor-element elementor-element-db06956 elementor-widget__width-auto elementor-widget elementor-widget-image\" data-id=\"db06956\" data-element_type=\"widget\" data-widget_type=\"image.default\">\n\t\t\t\t<div class=\"elementor-widget-container\">\n\t\t\t\t\t\t\t\t\t\t\t\t\t\t\t<img decoding=\"async\" src=\"https:\/\/quintologistics.com\/wp-content\/uploads\/elementor\/thumbs\/delivery-truck-1-papevotemgbaxuu0mnjvvkmxuhjv6ppi24fgdhvkdi.png\" title=\"delivery-truck 1\" alt=\"delivery-truck 1\" \/>\t\t\t\t\t\t\t\t\t\t\t\t\t\t\t<\/div>\n\t\t\t\t<\/div>\n\t\t\t\t<div class=\"elementor-element elementor-element-b1a906a elementor-widget__width-initial elementor-widget elementor-widget-text-editor\" data-id=\"b1a906a\" data-element_type=\"widget\" data-widget_type=\"text-editor.default\">\n\t\t\t\t<div class=\"elementor-widget-container\">\n\t\t\t\t\t\t\t\t<strong>Kravu transport\u0113\u0161ana<\/strong>\t\t\t\t\t\t<\/div>\n\t\t\t\t<\/div>\n\t\t\t\t\t<\/div>\n\t\t<\/div>\n\t\t\t\t<div class=\"elementor-column elementor-col-33 elementor-inner-column elementor-element elementor-element-5eceadc\" data-id=\"5eceadc\" data-element_type=\"column\">\n\t\t\t<div class=\"elementor-widget-wrap elementor-element-populated\">\n\t\t\t\t\t\t\t\t<div class=\"elementor-element elementor-element-504b1f8 elementor-widget__width-auto elementor-widget elementor-widget-image\" data-id=\"504b1f8\" data-element_type=\"widget\" data-widget_type=\"image.default\">\n\t\t\t\t<div class=\"elementor-widget-container\">\n\t\t\t\t\t\t\t\t\t\t\t\t\t\t\t<img decoding=\"async\" src=\"https:\/\/quintologistics.com\/wp-content\/uploads\/elementor\/thumbs\/delivery-truck-2-papfisokmty2cr9op54po8pvkhnpeufy8hs63dm5eu.png\" title=\"delivery-truck 2\" alt=\"delivery-truck 2\" \/>\t\t\t\t\t\t\t\t\t\t\t\t\t\t\t<\/div>\n\t\t\t\t<\/div>\n\t\t\t\t<div class=\"elementor-element elementor-element-7e0d211 elementor-widget__width-initial elementor-widget elementor-widget-text-editor\" data-id=\"7e0d211\" data-element_type=\"widget\" data-widget_type=\"text-editor.default\">\n\t\t\t\t<div class=\"elementor-widget-container\">\n\t\t\t\t\t\t\t\t<strong>Muitas pakalpojumi<\/strong>\t\t\t\t\t\t<\/div>\n\t\t\t\t<\/div>\n\t\t\t\t\t<\/div>\n\t\t<\/div>\n\t\t\t\t<div class=\"elementor-column elementor-col-33 elementor-inner-column elementor-element elementor-element-8abafac\" data-id=\"8abafac\" data-element_type=\"column\">\n\t\t\t<div class=\"elementor-widget-wrap elementor-element-populated\">\n\t\t\t\t\t\t\t\t<div class=\"elementor-element elementor-element-bd6074c elementor-widget__width-auto elementor-widget elementor-widget-image\" data-id=\"bd6074c\" data-element_type=\"widget\" data-widget_type=\"image.default\">\n\t\t\t\t<div class=\"elementor-widget-container\">\n\t\t\t\t\t\t\t\t\t\t\t\t\t\t\t<img decoding=\"async\" src=\"https:\/\/quintologistics.com\/wp-content\/uploads\/elementor\/thumbs\/boxes-1-papfirqqfzws15b1umq33qyez3sc75c7wd4om3njl2.png\" title=\"boxes 1\" alt=\"boxes 1\" \/>\t\t\t\t\t\t\t\t\t\t\t\t\t\t\t<\/div>\n\t\t\t\t<\/div>\n\t\t\t\t<div class=\"elementor-element elementor-element-b0e0ddf elementor-widget__width-initial elementor-widget elementor-widget-text-editor\" data-id=\"b0e0ddf\" data-element_type=\"widget\" data-widget_type=\"text-editor.default\">\n\t\t\t\t<div class=\"elementor-widget-container\">\n\t\t\t\t\t\t\t\t<strong>Termin\u0101\u013cu pakalpojumi<\/strong>\t\t\t\t\t\t<\/div>\n\t\t\t\t<\/div>\n\t\t\t\t\t<\/div>\n\t\t<\/div>\n\t\t\t\t\t\t\t<\/div>\n\t\t<\/section>\n\t\t\t\t<div class=\"elementor-element elementor-element-0def194 elementor-widget__width-auto elementor-widget elementor-widget-bridge_button_v2\" data-id=\"0def194\" data-element_type=\"widget\" data-widget_type=\"bridge_button_v2.default\">\n\t\t\t\t<div class=\"elementor-widget-container\">\n\t\t\t\n\n\t<a href=\"https:\/\/quintologistics.com\/lv\/pakalpojumi\/\" target=\"_self\" style=\"color: #383A3D;background-color: #FFFFFF;font-family: Raleway;font-size: 20px;font-weight: 700\" class=\"qode-btn qode-btn-medium qode-btn-solid qode-btn-custom-hover-bg qode-btn-custom-hover-color\" data-hover-bg-color=\"#003470\" data-hover-color=\"#FFFFFF\" >\n\t    <span class=\"qode-btn-text\">UZZIN\u0100T VAIR\u0100K<\/span>\t<\/a>\n\n\t\t<\/div>\n\t\t\t\t<\/div>\n\t\t\t\t\t<\/div>\n\t\t<\/div>\n\t\t\t\t\t\t\t<\/div>\n\t\t<\/section>\n\t\t\t\t<section class=\"elementor-section elementor-top-section elementor-element elementor-element-df4985d elementor-section-stretched elementor-section-boxed elementor-section-height-default elementor-section-height-default parallax_section_no qode_elementor_container_no\" data-id=\"df4985d\" data-element_type=\"section\" data-settings=\"{&quot;stretch_section&quot;:&quot;section-stretched&quot;,&quot;background_background&quot;:&quot;classic&quot;}\">\n\t\t\t\t\t\t<div class=\"elementor-container elementor-column-gap-default\">\n\t\t\t\t\t<div class=\"elementor-column elementor-col-100 elementor-top-column elementor-element elementor-element-285eb68\" data-id=\"285eb68\" data-element_type=\"column\">\n\t\t\t<div class=\"elementor-widget-wrap elementor-element-populated\">\n\t\t\t\t\t\t\t\t<div class=\"elementor-element elementor-element-a660e9b elementor-widget elementor-widget-bridge_carousel\" data-id=\"a660e9b\" data-element_type=\"widget\" data-widget_type=\"bridge_carousel.default\">\n\t\t\t\t<div class=\"elementor-widget-container\">\n\t\t\t<div class='qode_carousels_holder clearfix'><div class='qode_carousels' data-number-of-visible-items='5'><ul class='slides'>Sorry, no posts matched your criteria.<\/ul><\/div><\/div>\t\t<\/div>\n\t\t\t\t<\/div>\n\t\t\t\t\t<\/div>\n\t\t<\/div>\n\t\t\t\t\t\t\t<\/div>\n\t\t<\/section>\n\t\t\t\t<section class=\"elementor-section elementor-top-section elementor-element elementor-element-71823d1 elementor-section-full_width elementor-section-height-default elementor-section-height-default parallax_section_no qode_elementor_container_no\" data-id=\"71823d1\" data-element_type=\"section\">\n\t\t\t\t\t\t<div class=\"elementor-container elementor-column-gap-no\">\n\t\t\t\t\t<div class=\"elementor-column elementor-col-100 elementor-top-column elementor-element elementor-element-a666f53\" data-id=\"a666f53\" data-element_type=\"column\">\n\t\t\t<div class=\"elementor-widget-wrap elementor-element-populated\">\n\t\t\t\t\t\t\t\t<section class=\"elementor-section elementor-inner-section elementor-element elementor-element-836a10a elementor-section-full_width elementor-section-height-default elementor-section-height-default parallax_section_no qode_elementor_container_no\" data-id=\"836a10a\" data-element_type=\"section\">\n\t\t\t\t\t\t<div class=\"elementor-container elementor-column-gap-default\">\n\t\t\t\t\t<div class=\"elementor-column elementor-col-33 elementor-inner-column elementor-element elementor-element-ef38559\" data-id=\"ef38559\" data-element_type=\"column\" data-settings=\"{&quot;background_background&quot;:&quot;classic&quot;}\">\n\t\t\t<div class=\"elementor-widget-wrap elementor-element-populated\">\n\t\t\t\t\t\t\t\t<div class=\"elementor-element elementor-element-ae34638 elementor-widget elementor-widget-text-editor\" data-id=\"ae34638\" data-element_type=\"widget\" data-widget_type=\"text-editor.default\">\n\t\t\t\t<div class=\"elementor-widget-container\">\n\t\t\t\t\t\t\t\t\t\t\t\t\t\t<\/div>\n\t\t\t\t<\/div>\n\t\t\t\t\t<\/div>\n\t\t<\/div>\n\t\t\t\t<div class=\"elementor-column elementor-col-33 elementor-inner-column elementor-element elementor-element-83a6c78\" data-id=\"83a6c78\" data-element_type=\"column\" data-settings=\"{&quot;background_background&quot;:&quot;classic&quot;}\">\n\t\t\t<div class=\"elementor-widget-wrap\">\n\t\t\t\t\t\t\t\t\t<\/div>\n\t\t<\/div>\n\t\t\t\t<div class=\"elementor-column elementor-col-33 elementor-inner-column elementor-element elementor-element-ed67118\" data-id=\"ed67118\" data-element_type=\"column\" data-settings=\"{&quot;background_background&quot;:&quot;classic&quot;}\">\n\t\t\t<div class=\"elementor-widget-wrap\">\n\t\t\t\t\t\t\t\t\t<\/div>\n\t\t<\/div>\n\t\t\t\t\t\t\t<\/div>\n\t\t<\/section>\n\t\t\t\t\t<\/div>\n\t\t<\/div>\n\t\t\t\t\t\t\t<\/div>\n\t\t<\/section>\n\t\t\t\t<section class=\"elementor-section elementor-top-section elementor-element elementor-element-21e0057 elementor-section-full_width elementor-section-height-default elementor-section-height-default parallax_section_no qode_elementor_container_no\" data-id=\"21e0057\" data-element_type=\"section\">\n\t\t\t\t\t\t<div class=\"elementor-container elementor-column-gap-no\">\n\t\t\t\t\t<div class=\"elementor-column elementor-col-100 elementor-top-column elementor-element elementor-element-c8a2a43\" data-id=\"c8a2a43\" data-element_type=\"column\" data-settings=\"{&quot;background_background&quot;:&quot;classic&quot;}\">\n\t\t\t<div class=\"elementor-widget-wrap elementor-element-populated\">\n\t\t\t\t\t\t\t\t<div class=\"elementor-element elementor-element-59acec4 elementor-widget elementor-widget-text-editor\" data-id=\"59acec4\" data-element_type=\"widget\" data-widget_type=\"text-editor.default\">\n\t\t\t\t<div class=\"elementor-widget-container\">\n\t\t\t\t\t\t\t\tPAR MUMS\t\t\t\t\t\t<\/div>\n\t\t\t\t<\/div>\n\t\t\t\t<div class=\"elementor-element elementor-element-0c118c9 elementor-widget elementor-widget-text-editor\" data-id=\"0c118c9\" data-element_type=\"widget\" data-widget_type=\"text-editor.default\">\n\t\t\t\t<div class=\"elementor-widget-container\">\n\t\t\t\t\t\t\t\t<strong>VISS, KAS IR IZDEV\u012aGI M\u016aSU KLIENTIEM, IR IZDEV\u012aGI MUMS.<\/strong>\t\t\t\t\t\t<\/div>\n\t\t\t\t<\/div>\n\t\t\t\t<div class=\"elementor-element elementor-element-61452c0 elementor-widget elementor-widget-text-editor\" data-id=\"61452c0\" data-element_type=\"widget\" data-widget_type=\"text-editor.default\">\n\t\t\t\t<div class=\"elementor-widget-container\">\n\t\t\t\t\t\t\t\t<strong style=\"font-size: 18px;\">M\u016aSU MISIJA:<\/strong> kvalitat\u012bvi pakalpojumi, m\u016bsu klientu konkur\u0113tsp\u0113jas paaugstin\u0101\u0161ana, uzticamu un izdev\u012bgu lo\u0123istikas <strong>\u0137\u0113\u017eu<\/strong> izstr\u0101de, sp\u0113ja <strong>paredz\u0113t<\/strong>, nevis nov\u0113rst.\n\t\t\t\t\t\t<\/div>\n\t\t\t\t<\/div>\n\t\t\t\t<div class=\"elementor-element elementor-element-e01e5c3 elementor-widget elementor-widget-text-editor\" data-id=\"e01e5c3\" data-element_type=\"widget\" data-widget_type=\"text-editor.default\">\n\t\t\t\t<div class=\"elementor-widget-container\">\n\t\t\t\t\t\t\t\t<strong style=\"font-size: 18px; text-transform: uppercase;\">M\u016aSU DARB\u012aBAS PRINCIPI:<\/strong>\u00a0profesion\u0101lisms, atbild\u012bba, efektivit\u0101te.\n\t\t\t\t\t\t<\/div>\n\t\t\t\t<\/div>\n\t\t\t\t<div class=\"elementor-element elementor-element-f635383 elementor-widget elementor-widget-text-editor\" data-id=\"f635383\" data-element_type=\"widget\" data-widget_type=\"text-editor.default\">\n\t\t\t\t<div class=\"elementor-widget-container\">\n\t\t\t\t\t\t\t\t<strong style=\"font-size: 18px; text-transform: uppercase;\">CENAS POLITIKA:<\/strong>\u00a0izdev\u012bgi, \u012bsi termi\u0146i, zemas izmaksas.\t\t\t\t\t\t<\/div>\n\t\t\t\t<\/div>\n\t\t\t\t<div class=\"elementor-element elementor-element-f1c2d08 elementor-widget elementor-widget-text-editor\" data-id=\"f1c2d08\" data-element_type=\"widget\" data-widget_type=\"text-editor.default\">\n\t\t\t\t<div class=\"elementor-widget-container\">\n\t\t\t\t\t\t\t\t<strong style=\"font-size: 18px; text-transform: uppercase;\">KOMANDA:<\/strong> daudzu gadu pieredze, darbs lab\u0101k\u0101 rezult\u0101ta sasnieg\u0161anai, profesion\u0101lisms un kompetence.\t\t\t\t\t\t<\/div>\n\t\t\t\t<\/div>\n\t\t\t\t<div class=\"elementor-element elementor-element-44e920d elementor-widget__width-auto elementor-widget elementor-widget-bridge_button_v2\" data-id=\"44e920d\" data-element_type=\"widget\" data-widget_type=\"bridge_button_v2.default\">\n\t\t\t\t<div class=\"elementor-widget-container\">\n\t\t\t\n\n\t<a href=\"https:\/\/quintologistics.com\/lv\/par-mums\/\" target=\"_self\" style=\"color: #FFFFFF;background-color: #3A9EBD;font-family: Raleway;font-size: 20px;font-weight: 700\" class=\"qode-btn qode-btn-medium qode-btn-solid qode-btn-custom-hover-bg qode-btn-custom-hover-color\" data-hover-bg-color=\"#003470\" data-hover-color=\"#FFFFFF\" >\n\t    <span class=\"qode-btn-text\">UZZIN\u0100T VAIR\u0100K<\/span>\t<\/a>\n\n\t\t<\/div>\n\t\t\t\t<\/div>\n\t\t\t\t\t<\/div>\n\t\t<\/div>\n\t\t\t\t\t\t\t<\/div>\n\t\t<\/section>\n\t\t\t\t<section class=\"elementor-section elementor-top-section elementor-element elementor-element-f6a2c10 elementor-section-boxed elementor-section-height-default elementor-section-height-default parallax_section_no qode_elementor_container_no\" data-id=\"f6a2c10\" data-element_type=\"section\" data-settings=\"{&quot;background_background&quot;:&quot;classic&quot;}\">\n\t\t\t\t\t\t<div class=\"elementor-container elementor-column-gap-default\">\n\t\t\t\t\t<div class=\"elementor-column elementor-col-50 elementor-top-column elementor-element elementor-element-eab447e\" data-id=\"eab447e\" data-element_type=\"column\">\n\t\t\t<div class=\"elementor-widget-wrap elementor-element-populated\">\n\t\t\t\t\t\t\t\t<div class=\"elementor-element elementor-element-a1ec5e7 elementor-widget elementor-widget-image\" data-id=\"a1ec5e7\" data-element_type=\"widget\" data-widget_type=\"image.default\">\n\t\t\t\t<div class=\"elementor-widget-container\">\n\t\t\t\t\t\t\t\t\t\t\t\t\t\t\t<img decoding=\"async\" src=\"https:\/\/quintologistics.com\/wp-content\/uploads\/elementor\/thumbs\/customer-service-1-papin1ks617n53lutwtpcwoliw9125r3fmmiaj8hes.png\" title=\"customer-service 1\" alt=\"customer-service 1\" \/>\t\t\t\t\t\t\t\t\t\t\t\t\t\t\t<\/div>\n\t\t\t\t<\/div>\n\t\t\t\t\t<\/div>\n\t\t<\/div>\n\t\t\t\t<div class=\"elementor-column elementor-col-50 elementor-top-column elementor-element elementor-element-0c71e48\" data-id=\"0c71e48\" data-element_type=\"column\">\n\t\t\t<div class=\"elementor-widget-wrap elementor-element-populated\">\n\t\t\t\t\t\t\t\t<div class=\"elementor-element elementor-element-478fb9f elementor-widget__width-inherit elementor-widget elementor-widget-bridge_cf_7\" data-id=\"478fb9f\" data-element_type=\"widget\" data-widget_type=\"bridge_cf_7.default\">\n\t\t\t\t<div class=\"elementor-widget-container\">\n\t\t\t    <div class=\"qode-contact-form-7 qode-contact-form-7-0\">\n    \n<div class=\"wpcf7 no-js\" id=\"wpcf7-f614-o1\" lang=\"en-US\" dir=\"ltr\" data-wpcf7-id=\"614\">\n<div class=\"screen-reader-response\"><p role=\"status\" aria-live=\"polite\" aria-atomic=\"true\"><\/p> <ul><\/ul><\/div>\n<form action=\"\/lv\/wp-json\/wp\/v2\/pages\/788#wpcf7-f614-o1\" method=\"post\" class=\"wpcf7-form init cf7_custom_style_1\" aria-label=\"Contact form\" novalidate=\"novalidate\" data-status=\"init\">\n<div style=\"display: none;\">\n<input type=\"hidden\" name=\"_wpcf7\" value=\"614\" \/>\n<input type=\"hidden\" name=\"_wpcf7_version\" value=\"6.0.2\" \/>\n<input type=\"hidden\" name=\"_wpcf7_locale\" value=\"en_US\" \/>\n<input type=\"hidden\" name=\"_wpcf7_unit_tag\" value=\"wpcf7-f614-o1\" \/>\n<input type=\"hidden\" name=\"_wpcf7_container_post\" value=\"0\" \/>\n<input type=\"hidden\" name=\"_wpcf7_posted_data_hash\" value=\"\" \/>\n<\/div>\n<span class=\"wpcf7-form-control-wrap\" data-name=\"tel-206\"><input size=\"40\" maxlength=\"400\" class=\"wpcf7-form-control wpcf7-tel wpcf7-validates-as-required wpcf7-text wpcf7-validates-as-tel\" aria-required=\"true\" aria-invalid=\"false\" placeholder=\"\u0412\u0432\u0435\u0434\u0438\u0442\u0435 \u043d\u043e\u043c\u0435\u0440 \u0442\u0435\u043b\u0435\u0444\u043e\u043d\u0430\" value=\"\" type=\"tel\" name=\"tel-206\" \/><\/span> <input class=\"wpcf7-form-control wpcf7-submit has-spinner\" type=\"submit\" value=\"\u0417\u0410\u041a\u0410\u0417\u0410\u0422\u042c \u0417\u0412\u041e\u041d\u041e\u041a\" \/><div class=\"wpcf7-response-output\" aria-hidden=\"true\"><\/div>\n<\/form>\n<\/div>\n    <\/div>\n\t\t<\/div>\n\t\t\t\t<\/div>\n\t\t\t\t\t<\/div>\n\t\t<\/div>\n\t\t\t\t\t\t\t<\/div>\n\t\t<\/section>\n\t\t\t\t\t\t<\/div>\n\t\t\t\t\t<\/div>\n\t\t","protected":false},"excerpt":{"rendered":"<p>EN LV RU Racion\u0101li lo\u0123istikas risin\u0101jumi, kas \u013cauj ietaup\u012bt j\u016bsu laiku.Kravu pieg\u0101de jebkur\u0101 galam\u0113r\u0137\u012b UZZIN\u0100T VAIR\u0100K M\u016aSU PAKALPOJUMIKvalitat\u012bvi risin\u0101jumi lo\u0123istikas un muitas jom\u0101, nodro\u0161inot kravas pieg\u0101di, transport\u0113\u0161anu un dokument\u0113\u0161anu. Pilna kl\u0101sta pakalpojumi augst\u0101kaj\u0101 kvalit\u0101t\u0113, cie\u0161\u0101 sadarb\u012bb\u0101 ar m\u016bsu \u0101rvalstu partneriem no Eiropas Savien\u012bbas, NVS valst\u012bm,&#8230;<\/p>\n","protected":false},"author":1,"featured_media":0,"parent":0,"menu_order":0,"comment_status":"closed","ping_status":"closed","template":"elementor_header_footer","meta":{"footnotes":""},"class_list":["post-788","page","type-page","status-publish","hentry"],"_links":{"self":[{"href":"https:\/\/quintologistics.com\/lv\/wp-json\/wp\/v2\/pages\/788","targetHints":{"allow":["GET"]}}],"collection":[{"href":"https:\/\/quintologistics.com\/lv\/wp-json\/wp\/v2\/pages"}],"about":[{"href":"https:\/\/quintologistics.com\/lv\/wp-json\/wp\/v2\/types\/page"}],"author":[{"embeddable":true,"href":"https:\/\/quintologistics.com\/lv\/wp-json\/wp\/v2\/users\/1"}],"replies":[{"embeddable":true,"href":"https:\/\/quintologistics.com\/lv\/wp-json\/wp\/v2\/comments?post=788"}],"version-history":[{"count":100,"href":"https:\/\/quintologistics.com\/lv\/wp-json\/wp\/v2\/pages\/788\/revisions"}],"predecessor-version":[{"id":3228,"href":"https:\/\/quintologistics.com\/lv\/wp-json\/wp\/v2\/pages\/788\/revisions\/3228"}],"wp:attachment":[{"href":"https:\/\/quintologistics.com\/lv\/wp-json\/wp\/v2\/media?parent=788"}],"curies":[{"name":"wp","href":"https:\/\/api.w.org\/{rel}","templated":true}]}}